{"id":444,"date":"2013-11-13T19:23:33","date_gmt":"2013-11-13T18:23:33","guid":{"rendered":"http:\/\/www.antiking.de\/?page_id=444"},"modified":"2023-01-03T14:12:57","modified_gmt":"2023-01-03T13:12:57","slug":"frieden-und-respekt","status":"publish","type":"page","link":"https:\/\/antiking.de\/is\/frieden-und-respekt\/","title":{"rendered":"FRIEDEN &#038; RESPEKT"},"content":{"rendered":"<h4>Fette Props an alle, die uns unterst\u00fctzt haben und ohne die Antiking nicht das w\u00e4re, was es ist, war, sein wird:<\/h4>\n<h4><strong>104 Bicycle Crew aus Berlin &#8211; <\/strong>Auf den Stra\u00dfen Berlins zu bewundern.<\/h4>\n<h4><strong>Feliks Aleksander<\/strong> Kamera\u00a0 <a title=\"www.izme.net\" href=\"http:\/\/www.izme.net\/\" target=\"_blank\" rel=\"noopener\">www.izme.net<\/a><\/h4>\n<h4><strong>Pilskills\u00a0<\/strong><a href=\"https:\/\/pilskills.de\/\" target=\"_blank\" rel=\"noopener\">www.pilskills.de<\/a><\/h4>\n<h4><strong>Olle Bahrmann &amp; Mr. Mick<\/strong> <a href=\"https:\/\/www.instagram.com\/olebahrmann\/\" target=\"_blank\" rel=\"noopener\">www.instagram.com\/olebahrmann\/<\/a><\/h4>\n<h4><strong>DJ Robert Smith <\/strong><a href=\"https:\/\/www.instagram.com\/dj_robert_smith\/?hl=de\" target=\"_blank\" rel=\"noopener\">www.instagram.com\/dj_robert_smith\/<\/a><\/h4>\n<h4><strong>Mike Auerbach<\/strong> Photografie \u00a0 <a href=\"http:\/\/www.mike-auerbach.com\" target=\"_blank\" rel=\"noopener\">www.mike-auerbach.com<\/a><\/h4>\n<h4><strong>Enis<\/strong> \u00a0 <a href=\"http:\/\/www.famewithoutmoney.biz\" target=\"_blank\" rel=\"noopener\">www.famewithoutmoney.biz<\/a><\/h4>\n<h4><strong>Mocx \u00a0 <\/strong><a href=\"http:\/\/www.mocx.de\" target=\"_blank\" rel=\"noopener\">www.mocx.de<\/a><\/h4>\n<h4><strong>Siriusmo<\/strong> (Mucke) \u00a0 <a href=\"http:\/\/www.facebook.com\/siriusmo\" target=\"_blank\" rel=\"noopener\">facebook\/siriusmo <\/a>|\u00a0 <a href=\"https:\/\/soundcloud.com\/siriusmo\" target=\"_blank\" rel=\"noopener\">soundcloud\/siriusmo<\/a><\/h4>\n<h4><strong>Daniel \u00a0 <\/strong><a href=\"http:\/\/www.printshopunion.com\" target=\"_blank\" rel=\"noopener\">www.printshopunion.com<\/a><\/h4>\n<h4><strong>Conrad<\/strong> und <strong>Hotte<\/strong> vom Sp\u00e4ti unseres Vertrauens \u00a0 <a href=\"http:\/\/www.sorjenpause.de\" target=\"_blank\" rel=\"noopener\">www.sorjenpause.de<\/a><\/h4>\n<h4><strong>\u00a0<\/strong><\/h4>\n<h4><\/h4>\n","protected":false},"excerpt":{"rendered":"<p>Fette Props an alle, die uns unterst\u00fctzt haben und ohne die Antiking nicht das w\u00e4re, was es ist, war, sein wird: 104 Bicycle Crew aus Berlin &#8211; Auf den Stra\u00dfen Berlins zu bewundern. Feliks Aleksander Kamera\u00a0 www.izme.net Pilskills\u00a0www.pilskills.de Olle Bahrmann &amp; Mr. Mick www.instagram.com\/olebahrmann\/ DJ Robert Smith www.instagram.com\/dj_robert_smith\/ Mike Auerbach Photografie \u00a0 www.mike-auerbach.com Enis \u00a0 [&hellip;]<\/p>\n","protected":false},"author":3,"featured_media":0,"parent":0,"menu_order":0,"comment_status":"closed","ping_status":"closed","template":"","meta":{"footnotes":""},"class_list":["post-444","page","type-page","status-publish","hentry"],"yoast_head":"<!-- This site is optimized with the Yoast SEO plugin v27.3 - https:\/\/yoast.com\/product\/yoast-seo-wordpress\/ -->\n<title>FRIEDEN &amp; RESPEKT - ANTIKING<\/title>\n<meta name=\"robots\" content=\"index, follow, max-snippet:-1, max-image-preview:large, max-video-preview:-1\" \/>\n<link rel=\"canonical\" href=\"https:\/\/antiking.de\/is\/frieden-und-respekt\/\" \/>\n<meta property=\"og:locale\" content=\"de_DE\" \/>\n<meta property=\"og:type\" content=\"article\" \/>\n<meta property=\"og:title\" content=\"FRIEDEN &amp; RESPEKT - ANTIKING\" \/>\n<meta property=\"og:description\" content=\"Fette Props an alle, die uns unterst\u00fctzt haben und ohne die Antiking nicht das w\u00e4re, was es ist, war, sein wird: 104 Bicycle Crew aus Berlin &#8211; Auf den Stra\u00dfen Berlins zu bewundern. Feliks Aleksander Kamera\u00a0 www.izme.net Pilskills\u00a0www.pilskills.de Olle Bahrmann &amp; Mr. Mick www.instagram.com\/olebahrmann\/ DJ Robert Smith www.instagram.com\/dj_robert_smith\/ Mike Auerbach Photografie \u00a0 www.mike-auerbach.com Enis \u00a0 [&hellip;]\" \/>\n<meta property=\"og:url\" content=\"https:\/\/antiking.de\/is\/frieden-und-respekt\/\" \/>\n<meta property=\"og:site_name\" content=\"ANTIKING\" \/>\n<meta property=\"article:modified_time\" content=\"2023-01-03T13:12:57+00:00\" \/>\n<meta name=\"twitter:card\" content=\"summary_large_image\" \/>\n<meta name=\"twitter:label1\" content=\"Gesch\u00e4tzte Lesezeit\" \/>\n\t<meta name=\"twitter:data1\" content=\"1\u00a0Minute\" \/>\n<script type=\"application\/ld+json\" class=\"yoast-schema-graph\">{\"@context\":\"https:\\\/\\\/schema.org\",\"@graph\":[{\"@type\":\"WebPage\",\"@id\":\"https:\\\/\\\/antiking.de\\\/is\\\/frieden-und-respekt\\\/\",\"url\":\"https:\\\/\\\/antiking.de\\\/is\\\/frieden-und-respekt\\\/\",\"name\":\"FRIEDEN & RESPEKT - ANTIKING\",\"isPartOf\":{\"@id\":\"https:\\\/\\\/antiking.de\\\/is\\\/#website\"},\"datePublished\":\"2013-11-13T18:23:33+00:00\",\"dateModified\":\"2023-01-03T13:12:57+00:00\",\"breadcrumb\":{\"@id\":\"https:\\\/\\\/antiking.de\\\/is\\\/frieden-und-respekt\\\/#breadcrumb\"},\"inLanguage\":\"de\",\"potentialAction\":[{\"@type\":\"ReadAction\",\"target\":[\"https:\\\/\\\/antiking.de\\\/is\\\/frieden-und-respekt\\\/\"]}]},{\"@type\":\"BreadcrumbList\",\"@id\":\"https:\\\/\\\/antiking.de\\\/is\\\/frieden-und-respekt\\\/#breadcrumb\",\"itemListElement\":[{\"@type\":\"ListItem\",\"position\":1,\"name\":\"Startseite\",\"item\":\"https:\\\/\\\/antiking.de\\\/is\\\/\"},{\"@type\":\"ListItem\",\"position\":2,\"name\":\"FRIEDEN &#038; RESPEKT\"}]},{\"@type\":\"WebSite\",\"@id\":\"https:\\\/\\\/antiking.de\\\/is\\\/#website\",\"url\":\"https:\\\/\\\/antiking.de\\\/is\\\/\",\"name\":\"ANTIKING\",\"description\":\"Fuck Cars - Love Bikes\",\"potentialAction\":[{\"@type\":\"SearchAction\",\"target\":{\"@type\":\"EntryPoint\",\"urlTemplate\":\"https:\\\/\\\/antiking.de\\\/is\\\/?s={search_term_string}\"},\"query-input\":{\"@type\":\"PropertyValueSpecification\",\"valueRequired\":true,\"valueName\":\"search_term_string\"}}],\"inLanguage\":\"de\"}]}<\/script>\n<!-- \/ Yoast SEO plugin. -->","yoast_head_json":{"title":"FRIEDEN & RESPEKT - ANTIKING","robots":{"index":"index","follow":"follow","max-snippet":"max-snippet:-1","max-image-preview":"max-image-preview:large","max-video-preview":"max-video-preview:-1"},"canonical":"https:\/\/antiking.de\/is\/frieden-und-respekt\/","og_locale":"de_DE","og_type":"article","og_title":"FRIEDEN & RESPEKT - ANTIKING","og_description":"Fette Props an alle, die uns unterst\u00fctzt haben und ohne die Antiking nicht das w\u00e4re, was es ist, war, sein wird: 104 Bicycle Crew aus Berlin &#8211; Auf den Stra\u00dfen Berlins zu bewundern. Feliks Aleksander Kamera\u00a0 www.izme.net Pilskills\u00a0www.pilskills.de Olle Bahrmann &amp; Mr. Mick www.instagram.com\/olebahrmann\/ DJ Robert Smith www.instagram.com\/dj_robert_smith\/ Mike Auerbach Photografie \u00a0 www.mike-auerbach.com Enis \u00a0 [&hellip;]","og_url":"https:\/\/antiking.de\/is\/frieden-und-respekt\/","og_site_name":"ANTIKING","article_modified_time":"2023-01-03T13:12:57+00:00","twitter_card":"summary_large_image","twitter_misc":{"Gesch\u00e4tzte Lesezeit":"1\u00a0Minute"},"schema":{"@context":"https:\/\/schema.org","@graph":[{"@type":"WebPage","@id":"https:\/\/antiking.de\/is\/frieden-und-respekt\/","url":"https:\/\/antiking.de\/is\/frieden-und-respekt\/","name":"FRIEDEN & RESPEKT - ANTIKING","isPartOf":{"@id":"https:\/\/antiking.de\/is\/#website"},"datePublished":"2013-11-13T18:23:33+00:00","dateModified":"2023-01-03T13:12:57+00:00","breadcrumb":{"@id":"https:\/\/antiking.de\/is\/frieden-und-respekt\/#breadcrumb"},"inLanguage":"de","potentialAction":[{"@type":"ReadAction","target":["https:\/\/antiking.de\/is\/frieden-und-respekt\/"]}]},{"@type":"BreadcrumbList","@id":"https:\/\/antiking.de\/is\/frieden-und-respekt\/#breadcrumb","itemListElement":[{"@type":"ListItem","position":1,"name":"Startseite","item":"https:\/\/antiking.de\/is\/"},{"@type":"ListItem","position":2,"name":"FRIEDEN &#038; RESPEKT"}]},{"@type":"WebSite","@id":"https:\/\/antiking.de\/is\/#website","url":"https:\/\/antiking.de\/is\/","name":"ANTIKING","description":"Fuck Cars - Love Bikes","potentialAction":[{"@type":"SearchAction","target":{"@type":"EntryPoint","urlTemplate":"https:\/\/antiking.de\/is\/?s={search_term_string}"},"query-input":{"@type":"PropertyValueSpecification","valueRequired":true,"valueName":"search_term_string"}}],"inLanguage":"de"}]}},"blog_post_layout_featured_media_urls":{"thumbnail":"","full":""},"categories_names":null,"comments_number":"0","_links":{"self":[{"href":"https:\/\/antiking.de\/is\/wp-json\/wp\/v2\/pages\/444","targetHints":{"allow":["GET"]}}],"collection":[{"href":"https:\/\/antiking.de\/is\/wp-json\/wp\/v2\/pages"}],"about":[{"href":"https:\/\/antiking.de\/is\/wp-json\/wp\/v2\/types\/page"}],"author":[{"embeddable":true,"href":"https:\/\/antiking.de\/is\/wp-json\/wp\/v2\/users\/3"}],"replies":[{"embeddable":true,"href":"https:\/\/antiking.de\/is\/wp-json\/wp\/v2\/comments?post=444"}],"version-history":[{"count":7,"href":"https:\/\/antiking.de\/is\/wp-json\/wp\/v2\/pages\/444\/revisions"}],"predecessor-version":[{"id":4082,"href":"https:\/\/antiking.de\/is\/wp-json\/wp\/v2\/pages\/444\/revisions\/4082"}],"wp:attachment":[{"href":"https:\/\/antiking.de\/is\/wp-json\/wp\/v2\/media?parent=444"}],"curies":[{"name":"wp","href":"https:\/\/api.w.org\/{rel}","templated":true}]}}